{"id":29,"date":"2024-02-26T18:02:19","date_gmt":"2024-02-26T18:02:19","guid":{"rendered":"https:\/\/fqzo.com\/?page_id=29"},"modified":"2024-04-10T18:20:18","modified_gmt":"2024-04-10T18:20:18","slug":"arcfestes-budapesten","status":"publish","type":"page","link":"https:\/\/fqzo.com\/index.php\/arcfestes-budapesten\/","title":{"rendered":"Arcfest\u00e9s Budapesten \u00e9s k\u00f6rny\u00e9k\u00e9n"},"content":{"rendered":"<p>[et_pb_section fb_built=&#8221;1&#8243; _builder_version=&#8221;4.6.4&#8243; _module_preset=&#8221;default&#8221; custom_margin=&#8221;||21px|||&#8221; collapsed=&#8221;off&#8221;][et_pb_row _builder_version=&#8221;4.6.4&#8243; _module_preset=&#8221;default&#8221;][et_pb_column type=&#8221;4_4&#8243; _builder_version=&#8221;4.6.4&#8243; _module_preset=&#8221;default&#8221;][et_pb_image src=&#8221;http:\/\/fqzo.com\/wp-content\/uploads\/2024\/02\/arcfestes_budapest_cover.png&#8221; title_text=&#8221;arcfestes_budapest_cover&#8221; force_fullwidth=&#8221;on&#8221; _builder_version=&#8221;4.6.4&#8243; _module_preset=&#8221;default&#8221;][\/et_pb_image][\/et_pb_column][\/et_pb_row][et_pb_row column_structure=&#8221;1_4,1_4,1_4,1_4&#8243; admin_label=&#8221;Row&#8221; _builder_version=&#8221;4.6.4&#8243; _module_preset=&#8221;default&#8221;][et_pb_column type=&#8221;1_4&#8243; _builder_version=&#8221;4.6.4&#8243; _module_preset=&#8221;default&#8221;][et_pb_button button_text=&#8221;R\u00f3lam&#8221; _builder_version=&#8221;4.6.4&#8243; _module_preset=&#8221;default&#8221; custom_button=&#8221;on&#8221; button_text_size=&#8221;27px&#8221; button_text_color=&#8221;#ce0288&#8243; button_border_width=&#8221;2px&#8221; button_border_radius=&#8221;11px&#8221; button_use_icon=&#8221;off&#8221; custom_margin=&#8221;|237px||||&#8221; button_bg_color_tablet=&#8221;&#8221; button_bg_color_phone=&#8221;&#8221; button_bg_color_last_edited=&#8221;on|phone&#8221;][\/et_pb_button][\/et_pb_column][et_pb_column type=&#8221;1_4&#8243; _builder_version=&#8221;4.6.4&#8243; _module_preset=&#8221;default&#8221;][et_pb_button button_url=&#8221;http:\/\/edinaarcfestes.com\/kapcsolat&#8221; button_text=&#8221;Kapcsolat&#8221; _builder_version=&#8221;4.6.4&#8243; _module_preset=&#8221;default&#8221; custom_button=&#8221;on&#8221; button_text_size=&#8221;27px&#8221; button_text_color=&#8221;#ce0288&#8243; button_border_width=&#8221;2px&#8221; button_border_radius=&#8221;11px&#8221;][\/et_pb_button][\/et_pb_column][et_pb_column type=&#8221;1_4&#8243; _builder_version=&#8221;4.6.4&#8243; _module_preset=&#8221;default&#8221;][et_pb_button button_text=&#8221;\u00c1rak&#8221; _builder_version=&#8221;4.6.4&#8243; _module_preset=&#8221;default&#8221; custom_button=&#8221;on&#8221; button_text_size=&#8221;27px&#8221; button_text_color=&#8221;#ce0288&#8243; button_border_width=&#8221;2px&#8221; button_border_radius=&#8221;11px&#8221;][\/et_pb_button][\/et_pb_column][et_pb_column type=&#8221;1_4&#8243; _builder_version=&#8221;4.6.4&#8243; _module_preset=&#8221;default&#8221;][et_pb_button button_text=&#8221;Gal\u00e9ria&#8221; _builder_version=&#8221;4.6.4&#8243; _module_preset=&#8221;default&#8221; custom_button=&#8221;on&#8221; button_text_size=&#8221;27px&#8221; button_text_color=&#8221;#ce0288&#8243; button_border_width=&#8221;2px&#8221; button_border_radius=&#8221;11px&#8221;][\/et_pb_button][\/et_pb_column][\/et_pb_row][\/et_pb_section][et_pb_section fb_built=&#8221;1&#8243; _builder_version=&#8221;4.6.4&#8243; _module_preset=&#8221;default&#8221; custom_padding=&#8221;0px|||||&#8221;][et_pb_row column_structure=&#8221;2_3,1_3&#8243; _builder_version=&#8221;4.6.4&#8243; _module_preset=&#8221;default&#8221;][et_pb_column type=&#8221;2_3&#8243; _builder_version=&#8221;4.6.4&#8243; _module_preset=&#8221;default&#8221;][et_pb_text _builder_version=&#8221;4.6.4&#8243; _module_preset=&#8221;default&#8221; inline_fonts=&#8221;Andada&#8221;]<\/p>\n<p style=\"text-align: left;\"><span style=\"font-family: inherit; font-weight: normal; font-size: large; color: #280421;\"><strong>A gyerekek szeretnek \u00e1tv\u00e1ltozni<br \/> <\/strong>\u00e9s beleb\u00fajni a kedvenc figur\u00e1ik b\u0151r\u00e9be, ami felejthetetlen \u00e9lm\u00e9nyt var\u00e1zsol sz\u00e1mukra.<\/span><\/p>\n<p><span style=\"font-family: inherit; font-weight: normal; font-size: large; color: #280421;\"><strong>Legyen sz\u00f3 b\u00e1rmilyen rendezv\u00e9nyr\u0151l,<\/strong><br \/> gyerekzs\u00far, sz\u00fclet\u00e9snap, csal\u00e1di- vagy c\u00e9ges nap, gyereknap, falu- vagy v\u00e1rosnap, maj\u00e1lis, az arcfest\u00e9s mindig egy nagyszer\u0171 program a gyerekek sz\u00e1m\u00e1ra.<\/span><\/p>\n<ul>\n<li><span style=\"font-family: inherit; font-weight: normal; font-size: large; color: #280421;\">Kiz\u00e1r\u00f3lag biztons\u00e1gos, magas min\u0151s\u00e9g\u0171, b\u0151rbar\u00e1t fest\u00e9kekkel dolgozom<\/span><\/li>\n<li><span style=\"font-family: inherit; font-weight: normal; font-size: large; color: #280421;\">T\u00f6bb mint\u00e1t tartalmaz\u00f3 katal\u00f3gusomb\u00f3l mindenki kiv\u00e1laszthatja a nekik tetsz\u0151 mot\u00edvumot.<\/span><\/li>\n<li><span style=\"font-family: inherit; font-weight: normal; font-size: large; color: #280421;\">Sz\u00e1mlak\u00e9pes vagyok.<\/span><\/li>\n<\/ul>\n<p><span style=\"font-family: inherit; font-weight: normal; font-size: large; color: #280421;\">\u00a0<\/span><\/p>\n<p><span style=\"font-size: large;\"><strong><span style=\"font-family: inherit; color: #280421;\">Ha szeretn\u00e9d rendezv\u00e9nyedet arcfest\u00e9ssel sz\u00ednes\u00edteni, keress bizalommal!<\/span><\/strong><\/span><\/p>\n<p>[\/et_pb_text][\/et_pb_column][et_pb_column type=&#8221;1_3&#8243; _builder_version=&#8221;4.6.4&#8243; _module_preset=&#8221;default&#8221;][et_pb_image src=&#8221;http:\/\/fqzo.com\/wp-content\/uploads\/2024\/02\/dina-festos-copy.png&#8221; title_text=&#8221;dina festos copy&#8221; _builder_version=&#8221;4.6.4&#8243; _module_preset=&#8221;default&#8221; width=&#8221;100%&#8221; module_alignment=&#8221;center&#8221; custom_padding=&#8221;|0px||||&#8221;][\/et_pb_image][\/et_pb_column][\/et_pb_row][et_pb_row _builder_version=&#8221;4.6.4&#8243; _module_preset=&#8221;default&#8221;][et_pb_column type=&#8221;4_4&#8243; _builder_version=&#8221;4.6.4&#8243; _module_preset=&#8221;default&#8221;][et_pb_image src=&#8221;http:\/\/fqzo.com\/wp-content\/uploads\/2024\/04\/arcfestes_budapest_divider.png&#8221; title_text=&#8221;arcfestes_budapest_divider&#8221; force_fullwidth=&#8221;on&#8221; _builder_version=&#8221;4.6.4&#8243; _module_preset=&#8221;default&#8221;][\/et_pb_image][\/et_pb_column][\/et_pb_row][\/et_pb_section][et_pb_section fb_built=&#8221;1&#8243; _builder_version=&#8221;4.6.4&#8243; _module_preset=&#8221;default&#8221; link_option_url=&#8221;edinaarcfestes.com\/kapcsolat&#8221;][et_pb_row _builder_version=&#8221;4.6.4&#8243; _module_preset=&#8221;default&#8221; custom_padding=&#8221;||0px|||&#8221;][et_pb_column type=&#8221;4_4&#8243; _builder_version=&#8221;4.6.4&#8243; _module_preset=&#8221;default&#8221;][et_pb_text _builder_version=&#8221;4.6.4&#8243; _module_preset=&#8221;default&#8221;]<\/p>\n<p><span style=\"color: #280421;\"><span style=\"font-family: inherit; font-weight: normal; font-size: large;\">Keress b\u00e1tran telefonon:\u00a0 <span class=\"OYPEnA text-decoration-none text-strikethrough-none\" style=\"font-style: normal;\"><strong>+36-20-804-2657<\/strong><br \/><\/span><\/span><span style=\"font-family: inherit; font-weight: normal; font-size: large;\">E-mailben: <strong>kriffeledina@gmail.com<\/strong><\/span><\/span><br \/><span style=\"font-family: inherit; font-weight: normal; font-size: large; color: #280421;\">vagy az al\u00e1bbi \u0171rlap kit\u00f6lt\u00e9s\u00e9vel:<\/span><\/p>\n<p>[\/et_pb_text][et_pb_contact_form email=&#8221;kriffeledina@gmail.com&#8221; submit_button_text=&#8221;K\u00fcld\u00e9s&#8221; _builder_version=&#8221;4.6.4&#8243; _module_preset=&#8221;default&#8221;][et_pb_contact_field field_id=&#8221;N\u00e9v&#8221; field_title=&#8221;N\u00e9v&#8221; fullwidth_field=&#8221;on&#8221; _builder_version=&#8221;4.6.4&#8243; _module_preset=&#8221;default&#8221;][\/et_pb_contact_field][et_pb_contact_field field_id=&#8221;Telefonsz\u00e1m&#8221; field_title=&#8221;Telefonsz\u00e1m&#8221; _builder_version=&#8221;4.6.4&#8243; button_text_size__hover_enabled=&#8221;off&#8221; button_one_text_size__hover_enabled=&#8221;off&#8221; button_two_text_size__hover_enabled=&#8221;off&#8221; button_text_color__hover_enabled=&#8221;off&#8221; button_one_text_color__hover_enabled=&#8221;off&#8221; button_two_text_color__hover_enabled=&#8221;off&#8221; button_border_width__hover_enabled=&#8221;off&#8221; button_one_border_width__hover_enabled=&#8221;off&#8221; button_two_border_width__hover_enabled=&#8221;off&#8221; button_border_color__hover_enabled=&#8221;off&#8221; button_one_border_color__hover_enabled=&#8221;off&#8221; button_two_border_color__hover_enabled=&#8221;off&#8221; button_border_radius__hover_enabled=&#8221;off&#8221; button_one_border_radius__hover_enabled=&#8221;off&#8221; button_two_border_radius__hover_enabled=&#8221;off&#8221; button_letter_spacing__hover_enabled=&#8221;off&#8221; button_one_letter_spacing__hover_enabled=&#8221;off&#8221; button_two_letter_spacing__hover_enabled=&#8221;off&#8221; button_bg_color__hover_enabled=&#8221;off&#8221; button_one_bg_color__hover_enabled=&#8221;off&#8221; button_two_bg_color__hover_enabled=&#8221;off&#8221;][\/et_pb_contact_field][et_pb_contact_field field_id=&#8221;Email&#8221; field_title=&#8221;Email c\u00edm&#8221; field_type=&#8221;email&#8221; _builder_version=&#8221;4.6.4&#8243; button_text_size__hover_enabled=&#8221;off&#8221; button_one_text_size__hover_enabled=&#8221;off&#8221; button_two_text_size__hover_enabled=&#8221;off&#8221; button_text_color__hover_enabled=&#8221;off&#8221; button_one_text_color__hover_enabled=&#8221;off&#8221; button_two_text_color__hover_enabled=&#8221;off&#8221; button_border_width__hover_enabled=&#8221;off&#8221; button_one_border_width__hover_enabled=&#8221;off&#8221; button_two_border_width__hover_enabled=&#8221;off&#8221; button_border_color__hover_enabled=&#8221;off&#8221; button_one_border_color__hover_enabled=&#8221;off&#8221; button_two_border_color__hover_enabled=&#8221;off&#8221; button_border_radius__hover_enabled=&#8221;off&#8221; button_one_border_radius__hover_enabled=&#8221;off&#8221; button_two_border_radius__hover_enabled=&#8221;off&#8221; button_letter_spacing__hover_enabled=&#8221;off&#8221; button_one_letter_spacing__hover_enabled=&#8221;off&#8221; button_two_letter_spacing__hover_enabled=&#8221;off&#8221; button_bg_color__hover_enabled=&#8221;off&#8221; button_one_bg_color__hover_enabled=&#8221;off&#8221; button_two_bg_color__hover_enabled=&#8221;off&#8221;][\/et_pb_contact_field][et_pb_contact_field field_id=&#8221;\u00dczenet&#8221; field_title=&#8221;\u00dczenet&#8221; field_type=&#8221;text&#8221; fullwidth_field=&#8221;on&#8221; _builder_version=&#8221;4.6.4&#8243; button_text_size__hover_enabled=&#8221;off&#8221; button_one_text_size__hover_enabled=&#8221;off&#8221; button_two_text_size__hover_enabled=&#8221;off&#8221; button_text_color__hover_enabled=&#8221;off&#8221; button_one_text_color__hover_enabled=&#8221;off&#8221; button_two_text_color__hover_enabled=&#8221;off&#8221; button_border_width__hover_enabled=&#8221;off&#8221; button_one_border_width__hover_enabled=&#8221;off&#8221; button_two_border_width__hover_enabled=&#8221;off&#8221; button_border_color__hover_enabled=&#8221;off&#8221; button_one_border_color__hover_enabled=&#8221;off&#8221; button_two_border_color__hover_enabled=&#8221;off&#8221; button_border_radius__hover_enabled=&#8221;off&#8221; button_one_border_radius__hover_enabled=&#8221;off&#8221; button_two_border_radius__hover_enabled=&#8221;off&#8221; button_letter_spacing__hover_enabled=&#8221;off&#8221; button_one_letter_spacing__hover_enabled=&#8221;off&#8221; button_two_letter_spacing__hover_enabled=&#8221;off&#8221; button_bg_color__hover_enabled=&#8221;off&#8221; button_one_bg_color__hover_enabled=&#8221;off&#8221; button_two_bg_color__hover_enabled=&#8221;off&#8221;][\/et_pb_contact_field][\/et_pb_contact_form][\/et_pb_column][\/et_pb_row][et_pb_row _builder_version=&#8221;4.6.4&#8243; _module_preset=&#8221;default&#8221;][et_pb_column type=&#8221;4_4&#8243; _builder_version=&#8221;4.6.4&#8243; _module_preset=&#8221;default&#8221;][et_pb_image src=&#8221;http:\/\/fqzo.com\/wp-content\/uploads\/2024\/04\/arcfestes_budapest_divider.png&#8221; title_text=&#8221;arcfestes_budapest_divider&#8221; force_fullwidth=&#8221;on&#8221; _builder_version=&#8221;4.6.4&#8243; _module_preset=&#8221;default&#8221;][\/et_pb_image][\/et_pb_column][\/et_pb_row][\/et_pb_section][et_pb_section fb_built=&#8221;1&#8243; disabled_on=&#8221;off|off|off&#8221; _builder_version=&#8221;4.6.4&#8243; _module_preset=&#8221;default&#8221;][et_pb_row _builder_version=&#8221;4.6.4&#8243; _module_preset=&#8221;default&#8221;][et_pb_column type=&#8221;4_4&#8243; _builder_version=&#8221;4.6.4&#8243; _module_preset=&#8221;default&#8221;][et_pb_text _builder_version=&#8221;4.6.4&#8243; _module_preset=&#8221;default&#8221;]<\/p>\n<p><span style=\"font-size: x-large; color: #420035;\"><strong>\u00c1rak:<\/strong><\/span><\/p>\n<p><span style=\"font-size: large; color: #420035;\">A rendezv\u00e9ny jelleg\u00e9t\u0151l f\u00fcgg\u0151en<\/span><br \/><span class=\"x4k7w5x x1h91t0o x1h9r5lt x1jfb8zj xv2umb2 x1beo9mf xaigb6o x12ejxvf x3igimt xarpa2k xedcshv x1lytzrv x1t2pt76 x7ja8zs x1qrby5j\" style=\"font-size: large; color: #420035;\"><span class=\"x193iq5w xeuugli x13faqbe x1vvkbs x1xmvt09 x1lliihq x1s928wv xhkezso x1gmr53x x1cpjm7i x1fgarty x1943h6x xudqn12 x3x7a5m x6prxxf xvq8zen xo1l8bm xzsf02u\" dir=\"auto\"><strong>Fejenk\u00e9nt<\/strong> 2.000 Ft <br \/>vagy<br \/><strong>\u00d3r\u00e1nk\u00e9nt<\/strong> 15.000 Ft <\/span><\/span><\/p>\n<p><span style=\"font-size: large; color: #420035;\">Egy\u00e9b d\u00edjak, amivel sz\u00e1molni kell: <strong>parkol\u00e1s \u00e9s utaz\u00e1si k\u00f6lts\u00e9g<\/strong> &#8211; egyeztet\u00e9s alapj\u00e1n<\/span><\/p>\n<p>[\/et_pb_text][\/et_pb_column][\/et_pb_row][et_pb_row _builder_version=&#8221;4.6.4&#8243; _module_preset=&#8221;default&#8221;][et_pb_column type=&#8221;4_4&#8243; _builder_version=&#8221;4.6.4&#8243; _module_preset=&#8221;default&#8221;][et_pb_image src=&#8221;http:\/\/fqzo.com\/wp-content\/uploads\/2024\/04\/arcfestes_budapest_divider.png&#8221; title_text=&#8221;arcfestes_budapest_divider&#8221; force_fullwidth=&#8221;on&#8221; _builder_version=&#8221;4.6.4&#8243; _module_preset=&#8221;default&#8221;][\/et_pb_image][\/et_pb_column][\/et_pb_row][\/et_pb_section][et_pb_section fb_built=&#8221;1&#8243; _builder_version=&#8221;4.6.4&#8243; _module_preset=&#8221;default&#8221;][et_pb_row _builder_version=&#8221;4.6.4&#8243; _module_preset=&#8221;default&#8221;][et_pb_column type=&#8221;4_4&#8243; _builder_version=&#8221;4.6.4&#8243; _module_preset=&#8221;default&#8221;][et_pb_text _builder_version=&#8221;4.6.4&#8243; _module_preset=&#8221;default&#8221;]<\/p>\n<p><span style=\"font-size: x-large; color: #280421;\"><strong>Gal\u00e9ria \u00e9s v\u00e9lem\u00e9nyek:<\/strong><\/span><\/p>\n<p>[\/et_pb_text][\/et_pb_column][\/et_pb_row][et_pb_row column_structure=&#8221;1_3,1_3,1_3&#8243; _builder_version=&#8221;4.6.4&#8243; _module_preset=&#8221;default&#8221;][et_pb_column type=&#8221;1_3&#8243; _builder_version=&#8221;4.6.4&#8243; _module_preset=&#8221;default&#8221;][et_pb_gallery gallery_ids=&#8221;61,64,62,67&#8243; fullwidth=&#8221;on&#8221; _builder_version=&#8221;4.6.4&#8243; _module_preset=&#8221;default&#8221; max_width=&#8221;100%&#8221; auto=&#8221;on&#8221;][\/et_pb_gallery][et_pb_gallery gallery_ids=&#8221;166,181,165,164,163,161,160,156&#8243; fullwidth=&#8221;on&#8221; admin_label=&#8221;Gallery&#8221; _builder_version=&#8221;4.6.4&#8243; _module_preset=&#8221;default&#8221; max_width=&#8221;100%&#8221; auto=&#8221;on&#8221; hover_enabled=&#8221;0&#8243; sticky_enabled=&#8221;0&#8243;][\/et_pb_gallery][et_pb_gallery gallery_ids=&#8221;47,44,41&#8243; gallery_orderby=&#8221;rand&#8221; fullwidth=&#8221;on&#8221; admin_label=&#8221;Gallery&#8221; _builder_version=&#8221;4.6.4&#8243; _module_preset=&#8221;default&#8221; max_width=&#8221;100%&#8221; auto=&#8221;on&#8221;][\/et_pb_gallery][\/et_pb_column][et_pb_column type=&#8221;1_3&#8243; _builder_version=&#8221;4.6.4&#8243; _module_preset=&#8221;default&#8221;][et_pb_gallery gallery_ids=&#8221;45,42,39&#8243; gallery_orderby=&#8221;rand&#8221; fullwidth=&#8221;on&#8221; _builder_version=&#8221;4.6.4&#8243; _module_preset=&#8221;default&#8221; max_width=&#8221;100%&#8221; auto=&#8221;on&#8221;][\/et_pb_gallery][et_pb_gallery gallery_ids=&#8221;158,183,146,147,149,150,151,148&#8243; fullwidth=&#8221;on&#8221; _builder_version=&#8221;4.6.4&#8243; _module_preset=&#8221;default&#8221; max_width=&#8221;100%&#8221; auto=&#8221;on&#8221; hover_enabled=&#8221;0&#8243; sticky_enabled=&#8221;0&#8243;][\/et_pb_gallery][et_pb_gallery gallery_ids=&#8221;71,70,59,69&#8243; fullwidth=&#8221;on&#8221; _builder_version=&#8221;4.6.4&#8243; _module_preset=&#8221;default&#8221; max_width=&#8221;100%&#8221; auto=&#8221;on&#8221;][\/et_pb_gallery][\/et_pb_column][et_pb_column type=&#8221;1_3&#8243; _builder_version=&#8221;4.6.4&#8243; _module_preset=&#8221;default&#8221;][et_pb_gallery gallery_ids=&#8221;57,56,65,60&#8243; fullwidth=&#8221;on&#8221; _builder_version=&#8221;4.6.4&#8243; _module_preset=&#8221;default&#8221; max_width=&#8221;100%&#8221; auto=&#8221;on&#8221;][\/et_pb_gallery][et_pb_gallery gallery_ids=&#8221;162,182,157,159,155,154,152,153&#8243; fullwidth=&#8221;on&#8221; _builder_version=&#8221;4.6.4&#8243; _module_preset=&#8221;default&#8221; max_width=&#8221;100%&#8221; auto=&#8221;on&#8221; hover_enabled=&#8221;0&#8243; sticky_enabled=&#8221;0&#8243;][\/et_pb_gallery][et_pb_gallery gallery_ids=&#8221;46,43,40&#8243; gallery_orderby=&#8221;rand&#8221; fullwidth=&#8221;on&#8221; _builder_version=&#8221;4.6.4&#8243; _module_preset=&#8221;default&#8221; max_width=&#8221;100%&#8221; auto=&#8221;on&#8221;][\/et_pb_gallery][\/et_pb_column][\/et_pb_row][\/et_pb_section]<\/p>\n","protected":false},"excerpt":{"rendered":"<p>[et_pb_section fb_built=&#8221;1&#8243; _builder_version=&#8221;4.6.4&#8243; _module_preset=&#8221;default&#8221; custom_margin=&#8221;||21px|||&#8221; collapsed=&#8221;off&#8221;][et_pb_row _builder_version=&#8221;4.6.4&#8243; _module_preset=&#8221;default&#8221;][et_pb_column type=&#8221;4_4&#8243; _builder_version=&#8221;4.6.4&#8243; _module_preset=&#8221;default&#8221;][et_pb_image src=&#8221;http:\/\/fqzo.com\/wp-content\/uploads\/2024\/02\/arcfestes_budapest_cover.png&#8221; title_text=&#8221;arcfestes_budapest_cover&#8221; force_fullwidth=&#8221;on&#8221; _builder_version=&#8221;4.6.4&#8243; _module_preset=&#8221;default&#8221;][\/et_pb_image][\/et_pb_column][\/et_pb_row][et_pb_row column_structure=&#8221;1_4,1_4,1_4,1_4&#8243; admin_label=&#8221;Row&#8221; _builder_version=&#8221;4.6.4&#8243; _module_preset=&#8221;default&#8221;][et_pb_column type=&#8221;1_4&#8243; _builder_version=&#8221;4.6.4&#8243; _module_preset=&#8221;default&#8221;][et_pb_button button_text=&#8221;R\u00f3lam&#8221; _builder_version=&#8221;4.6.4&#8243; _module_preset=&#8221;default&#8221; custom_button=&#8221;on&#8221; button_text_size=&#8221;27px&#8221; button_text_color=&#8221;#ce0288&#8243; button_border_width=&#8221;2px&#8221; button_border_radius=&#8221;11px&#8221; button_use_icon=&#8221;off&#8221; custom_margin=&#8221;|237px||||&#8221; button_bg_color_tablet=&#8221;&#8221; button_bg_color_phone=&#8221;&#8221; button_bg_color_last_edited=&#8221;on|phone&#8221;][\/et_pb_button][\/et_pb_column][et_pb_column type=&#8221;1_4&#8243; _builder_version=&#8221;4.6.4&#8243; _module_preset=&#8221;default&#8221;][et_pb_button button_url=&#8221;http:\/\/edinaarcfestes.com\/kapcsolat&#8221; button_text=&#8221;Kapcsolat&#8221; _builder_version=&#8221;4.6.4&#8243; _module_preset=&#8221;default&#8221; custom_button=&#8221;on&#8221; button_text_size=&#8221;27px&#8221; button_text_color=&#8221;#ce0288&#8243; button_border_width=&#8221;2px&#8221; button_border_radius=&#8221;11px&#8221;][\/et_pb_button][\/et_pb_column][et_pb_column type=&#8221;1_4&#8243; _builder_version=&#8221;4.6.4&#8243; _module_preset=&#8221;default&#8221;][et_pb_button button_text=&#8221;\u00c1rak&#8221; _builder_version=&#8221;4.6.4&#8243; _module_preset=&#8221;default&#8221; custom_button=&#8221;on&#8221; [&hellip;]<\/p>\n","protected":false},"author":1,"featured_media":0,"parent":0,"menu_order":0,"comment_status":"closed","ping_status":"closed","template":"","meta":{"_et_pb_use_builder":"on","_et_pb_old_content":"<!-- wp:gallery {\"linkTo\":\"none\",\"style\":{\"color\":{\"background\":\"#edeff2b8\"}}} -->\n<figure class=\"wp-block-gallery has-nested-images columns-default is-cropped has-background\" style=\"background-color:#edeff2b8\"><\/figure>\n<!-- \/wp:gallery -->","_et_gb_content_width":"","footnotes":""},"_links":{"self":[{"href":"https:\/\/fqzo.com\/index.php\/wp-json\/wp\/v2\/pages\/29"}],"collection":[{"href":"https:\/\/fqzo.com\/index.php\/wp-json\/wp\/v2\/pages"}],"about":[{"href":"https:\/\/fqzo.com\/index.php\/wp-json\/wp\/v2\/types\/page"}],"author":[{"embeddable":true,"href":"https:\/\/fqzo.com\/index.php\/wp-json\/wp\/v2\/users\/1"}],"replies":[{"embeddable":true,"href":"https:\/\/fqzo.com\/index.php\/wp-json\/wp\/v2\/comments?post=29"}],"version-history":[{"count":35,"href":"https:\/\/fqzo.com\/index.php\/wp-json\/wp\/v2\/pages\/29\/revisions"}],"predecessor-version":[{"id":184,"href":"https:\/\/fqzo.com\/index.php\/wp-json\/wp\/v2\/pages\/29\/revisions\/184"}],"wp:attachment":[{"href":"https:\/\/fqzo.com\/index.php\/wp-json\/wp\/v2\/media?parent=29"}],"curies":[{"name":"wp","href":"https:\/\/api.w.org\/{rel}","templated":true}]}}